{"id":321,"date":"2024-12-05T05:08:09","date_gmt":"2024-12-05T05:08:09","guid":{"rendered":"https:\/\/dev-01.growthsales.es\/?page_id=321"},"modified":"2025-05-27T16:55:18","modified_gmt":"2025-05-27T16:55:18","slug":"traduccion-para-otras-agencias-editores-profesionales-independientes","status":"publish","type":"page","link":"https:\/\/eurologos-madrid.com\/en\/traduccion-para-otras-agencias-editores-profesionales-independientes\/","title":{"rendered":"Translations for other agencies, editors, independent professionals"},"content":{"rendered":"<div data-elementor-type=\"wp-page\" data-elementor-id=\"321\" class=\"elementor elementor-321\" data-elementor-post-type=\"page\">\n\t\t\t\t<div class=\"elementor-element elementor-element-7021b75 e-flex e-con-boxed e-con e-parent\" data-id=\"7021b75\" data-element_type=\"container\">\n\t\t\t\t\t<div class=\"e-con-inner\">\n\t\t<div class=\"elementor-element elementor-element-15a421f e-con-full e-flex elementor-invisible e-con e-child\" data-id=\"15a421f\" data-element_type=\"container\" data-settings=\"{&quot;animation&quot;:&quot;fadeIn&quot;}\">\n\t\t\t\t<div class=\"elementor-element elementor-element-43c1424 elementor-widget elementor-widget-image\" data-id=\"43c1424\" data-element_type=\"widget\" data-widget_type=\"image.default\">\n\t\t\t\t<div class=\"elementor-widget-container\">\n\t\t\t\t\t\t\t\t\t\t\t\t\t\t\t<img fetchpriority=\"high\" decoding=\"async\" width=\"800\" height=\"307\" src=\"https:\/\/eurologos-madrid.com\/wp-content\/uploads\/2024\/12\/Traduccion-para-otras-agencias-1024x393.png\" class=\"attachment-large size-large wp-image-301\" alt=\"\" srcset=\"https:\/\/eurologos-madrid.com\/wp-content\/uploads\/2024\/12\/Traduccion-para-otras-agencias-1024x393.png 1024w, https:\/\/eurologos-madrid.com\/wp-content\/uploads\/2024\/12\/Traduccion-para-otras-agencias-300x115.png 300w, https:\/\/eurologos-madrid.com\/wp-content\/uploads\/2024\/12\/Traduccion-para-otras-agencias-768x295.png 768w, https:\/\/eurologos-madrid.com\/wp-content\/uploads\/2024\/12\/Traduccion-para-otras-agencias-1536x590.png 1536w, https:\/\/eurologos-madrid.com\/wp-content\/uploads\/2024\/12\/Traduccion-para-otras-agencias-2048x786.png 2048w\" sizes=\"(max-width: 800px) 100vw, 800px\" \/>\t\t\t\t\t\t\t\t\t\t\t\t\t\t\t<\/div>\n\t\t\t\t<\/div>\n\t\t\t\t<\/div>\n\t\t<div class=\"elementor-element elementor-element-5bcb2a1 e-con-full e-flex e-con e-child\" data-id=\"5bcb2a1\" data-element_type=\"container\">\n\t\t\t\t<div class=\"elementor-element elementor-element-4fed54a elementor-widget__width-initial elementor-invisible elementor-widget elementor-widget-heading\" data-id=\"4fed54a\" data-element_type=\"widget\" data-settings=\"{&quot;_animation&quot;:&quot;fadeIn&quot;}\" data-widget_type=\"heading.default\">\n\t\t\t\t<div class=\"elementor-widget-container\">\n\t\t\t\t\t<h2 class=\"elementor-heading-title elementor-size-default\">Translations for other agencies, editors, independent professionals\n<\/h2>\t\t\t\t<\/div>\n\t\t\t\t<\/div>\n\t\t\t\t<\/div>\n\t\t<div class=\"elementor-element elementor-element-bca5215 e-con-full e-flex e-con e-child\" data-id=\"bca5215\" data-element_type=\"container\">\n\t\t<div class=\"elementor-element elementor-element-e71bd02 e-con-full e-flex elementor-invisible e-con e-child\" data-id=\"e71bd02\" data-element_type=\"container\" data-settings=\"{&quot;animation&quot;:&quot;fadeIn&quot;}\">\n\t\t\t\t<div class=\"elementor-element elementor-element-2b8fc8e elementor-invisible elementor-widget elementor-widget-text-editor\" data-id=\"2b8fc8e\" data-element_type=\"widget\" data-settings=\"{&quot;_animation&quot;:&quot;fadeIn&quot;}\" data-widget_type=\"text-editor.default\">\n\t\t\t\t<div class=\"elementor-widget-container\">\n\t\t\t\t\t\t\t\t\t<strong><b>They know that with us their projects are always well controlled and that they can offer their customers a top quality service, with total confidentiality guaranteed.\n\n<\/b><\/strong>\t\t\t\t\t\t\t\t<\/div>\n\t\t\t\t<\/div>\n\t\t<a class=\"elementor-element elementor-element-14afedb e-con-full e-transform e-flex e-con e-child\" data-id=\"14afedb\" data-element_type=\"container\" data-settings=\"{&quot;background_background&quot;:&quot;classic&quot;,&quot;_transform_scale_effect_hover&quot;:{&quot;unit&quot;:&quot;px&quot;,&quot;size&quot;:1.1,&quot;sizes&quot;:[]},&quot;_transform_scale_effect_hover_laptop&quot;:{&quot;unit&quot;:&quot;px&quot;,&quot;size&quot;:&quot;&quot;,&quot;sizes&quot;:[]},&quot;_transform_scale_effect_hover_tablet&quot;:{&quot;unit&quot;:&quot;px&quot;,&quot;size&quot;:&quot;&quot;,&quot;sizes&quot;:[]},&quot;_transform_scale_effect_hover_mobile&quot;:{&quot;unit&quot;:&quot;px&quot;,&quot;size&quot;:&quot;&quot;,&quot;sizes&quot;:[]}}\" href=\"https:\/\/eurologos-madrid.com\/en\/contacto\/\">\n\t\t\t\t<div class=\"elementor-element elementor-element-8146b17 elementor-widget elementor-widget-heading\" data-id=\"8146b17\" data-element_type=\"widget\" data-widget_type=\"heading.default\">\n\t\t\t\t<div class=\"elementor-widget-container\">\n\t\t\t\t\t<p class=\"elementor-heading-title elementor-size-default\">Contact<\/p>\t\t\t\t<\/div>\n\t\t\t\t<\/div>\n\t\t\t\t<div class=\"elementor-element elementor-element-c2c7dea elementor-widget elementor-widget-image\" data-id=\"c2c7dea\" data-element_type=\"widget\" data-widget_type=\"image.default\">\n\t\t\t\t<div class=\"elementor-widget-container\">\n\t\t\t\t\t\t\t\t\t\t\t\t\t\t\t<img decoding=\"async\" width=\"59\" height=\"15\" src=\"https:\/\/eurologos-madrid.com\/wp-content\/uploads\/2024\/12\/Arrow-1.svg\" class=\"attachment-large size-large wp-image-58\" alt=\"\" \/>\t\t\t\t\t\t\t\t\t\t\t\t\t\t\t<\/div>\n\t\t\t\t<\/div>\n\t\t\t\t<\/a>\n\t\t\t\t<\/div>\n\t\t<div class=\"elementor-element elementor-element-6f027e5 e-con-full e-flex elementor-invisible e-con e-child\" data-id=\"6f027e5\" data-element_type=\"container\" data-settings=\"{&quot;animation&quot;:&quot;fadeIn&quot;,&quot;animation_delay&quot;:100}\">\n\t\t\t\t<div class=\"elementor-element elementor-element-e5b6029 elementor-invisible elementor-widget elementor-widget-text-editor\" data-id=\"e5b6029\" data-element_type=\"widget\" data-settings=\"{&quot;_animation&quot;:&quot;fadeIn&quot;}\" data-widget_type=\"text-editor.default\">\n\t\t\t\t<div class=\"elementor-widget-container\">\n\t\t\t\t\t\t\t\t\t<p>Eurologos Madrid no solo trabaja para grandes clientes finales. Un segmento muy apreciado de nuestra clientela son agencias de traducci\u00f3n fuera de Espa\u00f1a, editores de contenidos, int\u00e9rpretes y otros profesionales independientes, que manejan contenidos multiling\u00fces y que necesitan un proveedor de confianza para hacer traducciones cuidadas, de alta calidad, de contenidos sensibles o que requieren una cierta labor de adaptaci\u00f3n, y que escapan a lo que ellos mismos pueden hacer internamente.<\/p><p>They know that with us their projects are always well controlled and that they can offer their customers a top quality service, with total confidentiality guaranteed.<\/p>\t\t\t\t\t\t\t\t<\/div>\n\t\t\t\t<\/div>\n\t\t\t\t<\/div>\n\t\t\t\t<\/div>\n\t\t\t\t\t<\/div>\n\t\t\t\t<\/div>\n\t\t\t\t<\/div>","protected":false},"excerpt":{"rendered":"<p>Traducci\u00f3n para otras agencias, editores, profesionales independientes Con la seguridad de que siempre tendr\u00e1n sus proyectos bajo control y podr\u00e1n ofrecer a sus clientes un servicio de la mejor calidad. Y con total garant\u00eda de confidencialidad. Contacto Eurologos Madrid no solo trabaja para grandes clientes finales. Un segmento muy apreciado de nuestra clientela son agencias [&hellip;]<\/p>","protected":false},"author":2,"featured_media":0,"parent":0,"menu_order":0,"comment_status":"closed","ping_status":"closed","template":"","meta":{"footnotes":""},"class_list":["post-321","page","type-page","status-publish","hentry"],"yoast_head":"<!-- This site is optimized with the Yoast SEO plugin v25.9 - https:\/\/yoast.com\/wordpress\/plugins\/seo\/ -->\n<title>Traducci\u00f3n para otras agencias, editores, profesionales independientes - Iseb Traduccion Industrial - Madrid<\/title>\n<meta name=\"robots\" content=\"index, follow, max-snippet:-1, max-image-preview:large, max-video-preview:-1\" \/>\n<link rel=\"canonical\" href=\"https:\/\/eurologos-madrid.com\/en\/traduccion-para-otras-agencias-editores-profesionales-independientes\/\" \/>\n<meta property=\"og:locale\" content=\"en_US\" \/>\n<meta property=\"og:type\" content=\"article\" \/>\n<meta property=\"og:title\" content=\"Traducci\u00f3n para otras agencias, editores, profesionales independientes - Iseb Traduccion Industrial - Madrid\" \/>\n<meta property=\"og:description\" content=\"Traducci\u00f3n para otras agencias, editores, profesionales independientes Con la seguridad de que siempre tendr\u00e1n sus proyectos bajo control y podr\u00e1n ofrecer a sus clientes un servicio de la mejor calidad. Y con total garant\u00eda de confidencialidad. Contacto Eurologos Madrid no solo trabaja para grandes clientes finales. Un segmento muy apreciado de nuestra clientela son agencias [&hellip;]\" \/>\n<meta property=\"og:url\" content=\"https:\/\/eurologos-madrid.com\/en\/traduccion-para-otras-agencias-editores-profesionales-independientes\/\" \/>\n<meta property=\"og:site_name\" content=\"Iseb Traduccion Industrial - Madrid\" \/>\n<meta property=\"article:modified_time\" content=\"2025-05-27T16:55:18+00:00\" \/>\n<meta property=\"og:image\" content=\"https:\/\/eurologos-madrid.com\/wp-content\/uploads\/2024\/12\/Traduccion-para-otras-agencias-1024x393.png\" \/>\n\t<meta property=\"og:image:width\" content=\"1024\" \/>\n\t<meta property=\"og:image:height\" content=\"393\" \/>\n\t<meta property=\"og:image:type\" content=\"image\/png\" \/>\n<meta name=\"twitter:card\" content=\"summary_large_image\" \/>\n<meta name=\"twitter:label1\" content=\"Est. reading time\" \/>\n\t<meta name=\"twitter:data1\" content=\"2 minutes\" \/>\n<script type=\"application\/ld+json\" class=\"yoast-schema-graph\">{\"@context\":\"https:\/\/schema.org\",\"@graph\":[{\"@type\":\"WebPage\",\"@id\":\"https:\/\/eurologos-madrid.com\/traduccion-para-otras-agencias-editores-profesionales-independientes\/\",\"url\":\"https:\/\/eurologos-madrid.com\/traduccion-para-otras-agencias-editores-profesionales-independientes\/\",\"name\":\"Traducci\u00f3n para otras agencias, editores, profesionales independientes - Iseb Traduccion Industrial - Madrid\",\"isPartOf\":{\"@id\":\"https:\/\/eurologos-madrid.com\/#website\"},\"primaryImageOfPage\":{\"@id\":\"https:\/\/eurologos-madrid.com\/traduccion-para-otras-agencias-editores-profesionales-independientes\/#primaryimage\"},\"image\":{\"@id\":\"https:\/\/eurologos-madrid.com\/traduccion-para-otras-agencias-editores-profesionales-independientes\/#primaryimage\"},\"thumbnailUrl\":\"https:\/\/eurologos-madrid.com\/wp-content\/uploads\/2024\/12\/Traduccion-para-otras-agencias-1024x393.png\",\"datePublished\":\"2024-12-05T05:08:09+00:00\",\"dateModified\":\"2025-05-27T16:55:18+00:00\",\"breadcrumb\":{\"@id\":\"https:\/\/eurologos-madrid.com\/traduccion-para-otras-agencias-editores-profesionales-independientes\/#breadcrumb\"},\"inLanguage\":\"en-US\",\"potentialAction\":[{\"@type\":\"ReadAction\",\"target\":[\"https:\/\/eurologos-madrid.com\/traduccion-para-otras-agencias-editores-profesionales-independientes\/\"]}]},{\"@type\":\"ImageObject\",\"inLanguage\":\"en-US\",\"@id\":\"https:\/\/eurologos-madrid.com\/traduccion-para-otras-agencias-editores-profesionales-independientes\/#primaryimage\",\"url\":\"https:\/\/eurologos-madrid.com\/wp-content\/uploads\/2024\/12\/Traduccion-para-otras-agencias-1024x393.png\",\"contentUrl\":\"https:\/\/eurologos-madrid.com\/wp-content\/uploads\/2024\/12\/Traduccion-para-otras-agencias-1024x393.png\"},{\"@type\":\"BreadcrumbList\",\"@id\":\"https:\/\/eurologos-madrid.com\/traduccion-para-otras-agencias-editores-profesionales-independientes\/#breadcrumb\",\"itemListElement\":[{\"@type\":\"ListItem\",\"position\":1,\"name\":\"Portada\",\"item\":\"https:\/\/eurologos-madrid.com\/\"},{\"@type\":\"ListItem\",\"position\":2,\"name\":\"Traducci\u00f3n para otras agencias, editores, profesionales independientes\"}]},{\"@type\":\"WebSite\",\"@id\":\"https:\/\/eurologos-madrid.com\/#website\",\"url\":\"https:\/\/eurologos-madrid.com\/\",\"name\":\"Iseb Traduccion Industrial - Madrid\",\"description\":\"Somos una empresa experta en comunicaci\u00f3n multiling\u00fce capaz de adaptarse a tus necesidades y procesos.\",\"publisher\":{\"@id\":\"https:\/\/eurologos-madrid.com\/#organization\"},\"potentialAction\":[{\"@type\":\"SearchAction\",\"target\":{\"@type\":\"EntryPoint\",\"urlTemplate\":\"https:\/\/eurologos-madrid.com\/?s={search_term_string}\"},\"query-input\":{\"@type\":\"PropertyValueSpecification\",\"valueRequired\":true,\"valueName\":\"search_term_string\"}}],\"inLanguage\":\"en-US\"},{\"@type\":\"Organization\",\"@id\":\"https:\/\/eurologos-madrid.com\/#organization\",\"name\":\"Iseb Traduccion Industrial - Madrid\",\"url\":\"https:\/\/eurologos-madrid.com\/\",\"logo\":{\"@type\":\"ImageObject\",\"inLanguage\":\"en-US\",\"@id\":\"https:\/\/eurologos-madrid.com\/#\/schema\/logo\/image\/\",\"url\":\"https:\/\/eurologos-madrid.com\/wp-content\/uploads\/2024\/12\/cropped-Eurologos_Bruxelles_CMYK_ALL_2017_01_13-1-35.png\",\"contentUrl\":\"https:\/\/eurologos-madrid.com\/wp-content\/uploads\/2024\/12\/cropped-Eurologos_Bruxelles_CMYK_ALL_2017_01_13-1-35.png\",\"width\":1163,\"height\":369,\"caption\":\"Iseb Traduccion Industrial - Madrid\"},\"image\":{\"@id\":\"https:\/\/eurologos-madrid.com\/#\/schema\/logo\/image\/\"}}]}<\/script>\n<!-- \/ Yoast SEO plugin. -->","yoast_head_json":{"title":"Traducci\u00f3n para otras agencias, editores, profesionales independientes - Iseb Traduccion Industrial - Madrid","robots":{"index":"index","follow":"follow","max-snippet":"max-snippet:-1","max-image-preview":"max-image-preview:large","max-video-preview":"max-video-preview:-1"},"canonical":"https:\/\/eurologos-madrid.com\/en\/traduccion-para-otras-agencias-editores-profesionales-independientes\/","og_locale":"en_US","og_type":"article","og_title":"Traducci\u00f3n para otras agencias, editores, profesionales independientes - Iseb Traduccion Industrial - Madrid","og_description":"Traducci\u00f3n para otras agencias, editores, profesionales independientes Con la seguridad de que siempre tendr\u00e1n sus proyectos bajo control y podr\u00e1n ofrecer a sus clientes un servicio de la mejor calidad. Y con total garant\u00eda de confidencialidad. Contacto Eurologos Madrid no solo trabaja para grandes clientes finales. Un segmento muy apreciado de nuestra clientela son agencias [&hellip;]","og_url":"https:\/\/eurologos-madrid.com\/en\/traduccion-para-otras-agencias-editores-profesionales-independientes\/","og_site_name":"Iseb Traduccion Industrial - Madrid","article_modified_time":"2025-05-27T16:55:18+00:00","og_image":[{"width":1024,"height":393,"url":"https:\/\/eurologos-madrid.com\/wp-content\/uploads\/2024\/12\/Traduccion-para-otras-agencias-1024x393.png","type":"image\/png"}],"twitter_card":"summary_large_image","twitter_misc":{"Est. reading time":"2 minutes"},"schema":{"@context":"https:\/\/schema.org","@graph":[{"@type":"WebPage","@id":"https:\/\/eurologos-madrid.com\/traduccion-para-otras-agencias-editores-profesionales-independientes\/","url":"https:\/\/eurologos-madrid.com\/traduccion-para-otras-agencias-editores-profesionales-independientes\/","name":"Traducci\u00f3n para otras agencias, editores, profesionales independientes - Iseb Traduccion Industrial - Madrid","isPartOf":{"@id":"https:\/\/eurologos-madrid.com\/#website"},"primaryImageOfPage":{"@id":"https:\/\/eurologos-madrid.com\/traduccion-para-otras-agencias-editores-profesionales-independientes\/#primaryimage"},"image":{"@id":"https:\/\/eurologos-madrid.com\/traduccion-para-otras-agencias-editores-profesionales-independientes\/#primaryimage"},"thumbnailUrl":"https:\/\/eurologos-madrid.com\/wp-content\/uploads\/2024\/12\/Traduccion-para-otras-agencias-1024x393.png","datePublished":"2024-12-05T05:08:09+00:00","dateModified":"2025-05-27T16:55:18+00:00","breadcrumb":{"@id":"https:\/\/eurologos-madrid.com\/traduccion-para-otras-agencias-editores-profesionales-independientes\/#breadcrumb"},"inLanguage":"en-US","potentialAction":[{"@type":"ReadAction","target":["https:\/\/eurologos-madrid.com\/traduccion-para-otras-agencias-editores-profesionales-independientes\/"]}]},{"@type":"ImageObject","inLanguage":"en-US","@id":"https:\/\/eurologos-madrid.com\/traduccion-para-otras-agencias-editores-profesionales-independientes\/#primaryimage","url":"https:\/\/eurologos-madrid.com\/wp-content\/uploads\/2024\/12\/Traduccion-para-otras-agencias-1024x393.png","contentUrl":"https:\/\/eurologos-madrid.com\/wp-content\/uploads\/2024\/12\/Traduccion-para-otras-agencias-1024x393.png"},{"@type":"BreadcrumbList","@id":"https:\/\/eurologos-madrid.com\/traduccion-para-otras-agencias-editores-profesionales-independientes\/#breadcrumb","itemListElement":[{"@type":"ListItem","position":1,"name":"Portada","item":"https:\/\/eurologos-madrid.com\/"},{"@type":"ListItem","position":2,"name":"Traducci\u00f3n para otras agencias, editores, profesionales independientes"}]},{"@type":"WebSite","@id":"https:\/\/eurologos-madrid.com\/#website","url":"https:\/\/eurologos-madrid.com\/","name":"Iseb Traduccion Industrial - Madrid","description":"We're a company with all the expertise you need for multilingual communication and the capacity to adapt to all your needs and processes.","publisher":{"@id":"https:\/\/eurologos-madrid.com\/#organization"},"potentialAction":[{"@type":"SearchAction","target":{"@type":"EntryPoint","urlTemplate":"https:\/\/eurologos-madrid.com\/?s={search_term_string}"},"query-input":{"@type":"PropertyValueSpecification","valueRequired":true,"valueName":"search_term_string"}}],"inLanguage":"en-US"},{"@type":"Organization","@id":"https:\/\/eurologos-madrid.com\/#organization","name":"Iseb Traduccion Industrial - Madrid","url":"https:\/\/eurologos-madrid.com\/","logo":{"@type":"ImageObject","inLanguage":"en-US","@id":"https:\/\/eurologos-madrid.com\/#\/schema\/logo\/image\/","url":"https:\/\/eurologos-madrid.com\/wp-content\/uploads\/2024\/12\/cropped-Eurologos_Bruxelles_CMYK_ALL_2017_01_13-1-35.png","contentUrl":"https:\/\/eurologos-madrid.com\/wp-content\/uploads\/2024\/12\/cropped-Eurologos_Bruxelles_CMYK_ALL_2017_01_13-1-35.png","width":1163,"height":369,"caption":"Iseb Traduccion Industrial - Madrid"},"image":{"@id":"https:\/\/eurologos-madrid.com\/#\/schema\/logo\/image\/"}}]}},"_links":{"self":[{"href":"https:\/\/eurologos-madrid.com\/en\/wp-json\/wp\/v2\/pages\/321","targetHints":{"allow":["GET"]}}],"collection":[{"href":"https:\/\/eurologos-madrid.com\/en\/wp-json\/wp\/v2\/pages"}],"about":[{"href":"https:\/\/eurologos-madrid.com\/en\/wp-json\/wp\/v2\/types\/page"}],"author":[{"embeddable":true,"href":"https:\/\/eurologos-madrid.com\/en\/wp-json\/wp\/v2\/users\/2"}],"replies":[{"embeddable":true,"href":"https:\/\/eurologos-madrid.com\/en\/wp-json\/wp\/v2\/comments?post=321"}],"version-history":[{"count":16,"href":"https:\/\/eurologos-madrid.com\/en\/wp-json\/wp\/v2\/pages\/321\/revisions"}],"predecessor-version":[{"id":678,"href":"https:\/\/eurologos-madrid.com\/en\/wp-json\/wp\/v2\/pages\/321\/revisions\/678"}],"wp:attachment":[{"href":"https:\/\/eurologos-madrid.com\/en\/wp-json\/wp\/v2\/media?parent=321"}],"curies":[{"name":"wp","href":"https:\/\/api.w.org\/{rel}","templated":true}]}}