{"id":549,"date":"2024-12-06T05:56:04","date_gmt":"2024-12-06T05:56:04","guid":{"rendered":"https:\/\/dev-01.growthsales.es\/?page_id=549"},"modified":"2024-12-06T06:00:11","modified_gmt":"2024-12-06T06:00:11","slug":"politica-de-privacidad","status":"publish","type":"page","link":"https:\/\/eurologos-madrid.com\/en\/politica-de-privacidad\/","title":{"rendered":"Privacy policy"},"content":{"rendered":"<div data-elementor-type=\"wp-page\" data-elementor-id=\"549\" class=\"elementor elementor-549\" data-elementor-post-type=\"page\">\n\t\t\t\t<div class=\"elementor-element elementor-element-82fcb77 e-flex e-con-boxed e-con e-parent\" data-id=\"82fcb77\" data-element_type=\"container\">\n\t\t\t\t\t<div class=\"e-con-inner\">\n\t\t<div class=\"elementor-element elementor-element-b22ad24 e-con-full e-flex e-con e-child\" data-id=\"b22ad24\" data-element_type=\"container\">\n\t\t\t\t<div class=\"elementor-element elementor-element-7b7c449 elementor-invisible elementor-widget elementor-widget-heading\" data-id=\"7b7c449\" data-element_type=\"widget\" data-settings=\"{&quot;_animation&quot;:&quot;fadeIn&quot;}\" data-widget_type=\"heading.default\">\n\t\t\t\t<div class=\"elementor-widget-container\">\n\t\t\t\t\t<h2 class=\"elementor-heading-title elementor-size-default\">Privacy policy <\/h2>\t\t\t\t<\/div>\n\t\t\t\t<\/div>\n\t\t\t\t<div class=\"elementor-element elementor-element-7f33a76 elementor-widget-divider--view-line elementor-invisible elementor-widget elementor-widget-divider\" data-id=\"7f33a76\" data-element_type=\"widget\" data-settings=\"{&quot;_animation&quot;:&quot;fadeIn&quot;}\" data-widget_type=\"divider.default\">\n\t\t\t\t<div class=\"elementor-widget-container\">\n\t\t\t\t\t\t\t<div class=\"elementor-divider\">\n\t\t\t<span class=\"elementor-divider-separator\">\n\t\t\t\t\t\t<\/span>\n\t\t<\/div>\n\t\t\t\t\t\t<\/div>\n\t\t\t\t<\/div>\n\t\t\t\t<\/div>\n\t\t<div class=\"elementor-element elementor-element-96f1092 e-con-full e-flex e-con e-child\" data-id=\"96f1092\" data-element_type=\"container\">\n\t\t\t\t<div class=\"elementor-element elementor-element-6341e51 elementor-widget elementor-widget-text-editor\" data-id=\"6341e51\" data-element_type=\"widget\" data-widget_type=\"text-editor.default\">\n\t\t\t\t<div class=\"elementor-widget-container\">\n\t\t\t\t\t\t\t\t\t<p>En <strong> <b> Eurologos,<\/b><\/strong> nos comprometemos a proteger y respetar tu privacidad. Esta pol\u00edtica explica c\u00f3mo recopilamos, utilizamos y protegemos tus datos personales cuando visitas nuestro sitio web.<\/p><p><strong><b>2. Informaci\u00f3n que Recopilamos<\/b><\/strong><br \/>\u2022 Recopilamos y procesamos los siguientes datos:<br \/>\u2022 Datos personales: Nombre, direcci\u00f3n de correo electr\u00f3nico, tel\u00e9fono y otros datos de contacto.<br \/>\u2022 Datos de navegaci\u00f3n: Informaci\u00f3n sobre tu uso de nuestro sitio web, como tu direcci\u00f3n IP, tipo de navegador y p\u00e1ginas visitadas.<br \/>\u2022 Datos proporcionados voluntariamente: Informaci\u00f3n que nos proporcionas al registrarte, suscribirte a nuestros boletines o completar formularios en nuestro sitio web.<\/p><p><strong><b>3. Uso de la Informaci\u00f3n<\/b><\/strong><br \/>\u2022 Usamos tus datos personales para:<br \/>\u2022 Proporcionarte la informaci\u00f3n y los servicios que solicitas.<br \/>\u2022 Mejorar nuestros servicios y la experiencia del usuario.<br \/>\u2022 Comunicarnos contigo, respondiendo a tus consultas y proporcion\u00e1ndote actualizaciones sobre nuestros servicios.<br \/>\u2022 Cumplir con nuestras obligaciones legales y contractuales.<\/p><p><strong><b>4. Compartici\u00f3n de Datos<\/b><\/strong><br \/>\u2022 No compartimos tus datos personales con terceros, salvo en las siguientes situaciones:<br \/>\u2022 Proveedores de servicios: Empresas que nos ayudan a operar nuestro sitio web y servicios, bajo estrictas obligaciones de confidencialidad.<br \/>\u2022 Obligaciones legales: Cuando estemos legalmente obligados a divulgar tus datos.<\/p><p><strong><b>5. Seguridad de los Datos<\/b><\/strong><br \/>Implementamos medidas de seguridad adecuadas para proteger tus datos personales contra el acceso no autorizado, p\u00e9rdida o alteraci\u00f3n. Sin embargo, ten en cuenta que ninguna transmisi\u00f3n de datos por internet es completamente segura.<\/p><p><strong><b>6. Tus Derechos<\/b><\/strong><br \/>Tienes derecho a acceder, rectificar, borrar y restringir el tratamiento de tus datos personales. Tambi\u00e9n puedes retirar tu consentimiento en cualquier momento y oponerte al tratamiento de tus datos.<\/p><p><strong><b>7. Contacto<\/b><\/strong><br \/>Si tienes alguna pregunta sobre nuestra pol\u00edtica de privacidad o deseas ejercer tus derechos, puedes contactarnos en<br \/><span style=\"color: #046262;\"><em><a style=\"color: #046262;\" href=\"mailto:info@eurologos-madrid.com\">info@eurologos-madrid.com<\/a><\/em><\/span><\/p><p><strong><b>8. Cambios en la Pol\u00edtica<\/b><\/strong><br \/>Nos reservamos el derecho de actualizar esta pol\u00edtica de privacidad. Cualquier cambio ser\u00e1 publicado en esta p\u00e1gina.<\/p>\t\t\t\t\t\t\t\t<\/div>\n\t\t\t\t<\/div>\n\t\t\t\t<\/div>\n\t\t\t\t\t<\/div>\n\t\t\t\t<\/div>\n\t\t\t\t<\/div>","protected":false},"excerpt":{"rendered":"<p>Pol\u00edtica de privacidad En Eurologos, nos comprometemos a proteger y respetar tu privacidad. Esta pol\u00edtica explica c\u00f3mo recopilamos, utilizamos y protegemos tus datos personales cuando visitas nuestro sitio web. 2. Informaci\u00f3n que Recopilamos\u2022 Recopilamos y procesamos los siguientes datos:\u2022 Datos personales: Nombre, direcci\u00f3n de correo electr\u00f3nico, tel\u00e9fono y otros datos de contacto.\u2022 Datos de navegaci\u00f3n: [&hellip;]<\/p>","protected":false},"author":2,"featured_media":0,"parent":0,"menu_order":0,"comment_status":"closed","ping_status":"closed","template":"","meta":{"footnotes":""},"class_list":["post-549","page","type-page","status-publish","hentry"],"yoast_head":"<!-- This site is optimized with the Yoast SEO plugin v25.9 - https:\/\/yoast.com\/wordpress\/plugins\/seo\/ -->\n<title>Pol\u00edtica de privacidad - Iseb Traduccion Industrial - Madrid<\/title>\n<meta name=\"robots\" content=\"index, follow, max-snippet:-1, max-image-preview:large, max-video-preview:-1\" \/>\n<link rel=\"canonical\" href=\"https:\/\/eurologos-madrid.com\/en\/politica-de-privacidad\/\" \/>\n<meta property=\"og:locale\" content=\"en_US\" \/>\n<meta property=\"og:type\" content=\"article\" \/>\n<meta property=\"og:title\" content=\"Pol\u00edtica de privacidad - Iseb Traduccion Industrial - Madrid\" \/>\n<meta property=\"og:description\" content=\"Pol\u00edtica de privacidad En Eurologos, nos comprometemos a proteger y respetar tu privacidad. Esta pol\u00edtica explica c\u00f3mo recopilamos, utilizamos y protegemos tus datos personales cuando visitas nuestro sitio web. 2. Informaci\u00f3n que Recopilamos\u2022 Recopilamos y procesamos los siguientes datos:\u2022 Datos personales: Nombre, direcci\u00f3n de correo electr\u00f3nico, tel\u00e9fono y otros datos de contacto.\u2022 Datos de navegaci\u00f3n: [&hellip;]\" \/>\n<meta property=\"og:url\" content=\"https:\/\/eurologos-madrid.com\/en\/politica-de-privacidad\/\" \/>\n<meta property=\"og:site_name\" content=\"Iseb Traduccion Industrial - Madrid\" \/>\n<meta property=\"article:modified_time\" content=\"2024-12-06T06:00:11+00:00\" \/>\n<meta name=\"twitter:card\" content=\"summary_large_image\" \/>\n<meta name=\"twitter:label1\" content=\"Est. reading time\" \/>\n\t<meta name=\"twitter:data1\" content=\"2 minutes\" \/>\n<script type=\"application\/ld+json\" class=\"yoast-schema-graph\">{\"@context\":\"https:\/\/schema.org\",\"@graph\":[{\"@type\":\"WebPage\",\"@id\":\"https:\/\/eurologos-madrid.com\/politica-de-privacidad\/\",\"url\":\"https:\/\/eurologos-madrid.com\/politica-de-privacidad\/\",\"name\":\"Pol\u00edtica de privacidad - Iseb Traduccion Industrial - Madrid\",\"isPartOf\":{\"@id\":\"https:\/\/eurologos-madrid.com\/#website\"},\"datePublished\":\"2024-12-06T05:56:04+00:00\",\"dateModified\":\"2024-12-06T06:00:11+00:00\",\"breadcrumb\":{\"@id\":\"https:\/\/eurologos-madrid.com\/politica-de-privacidad\/#breadcrumb\"},\"inLanguage\":\"en-US\",\"potentialAction\":[{\"@type\":\"ReadAction\",\"target\":[\"https:\/\/eurologos-madrid.com\/politica-de-privacidad\/\"]}]},{\"@type\":\"BreadcrumbList\",\"@id\":\"https:\/\/eurologos-madrid.com\/politica-de-privacidad\/#breadcrumb\",\"itemListElement\":[{\"@type\":\"ListItem\",\"position\":1,\"name\":\"Portada\",\"item\":\"https:\/\/eurologos-madrid.com\/\"},{\"@type\":\"ListItem\",\"position\":2,\"name\":\"Pol\u00edtica de privacidad\"}]},{\"@type\":\"WebSite\",\"@id\":\"https:\/\/eurologos-madrid.com\/#website\",\"url\":\"https:\/\/eurologos-madrid.com\/\",\"name\":\"Iseb Traduccion Industrial - Madrid\",\"description\":\"Somos una empresa experta en comunicaci\u00f3n multiling\u00fce capaz de adaptarse a tus necesidades y procesos.\",\"publisher\":{\"@id\":\"https:\/\/eurologos-madrid.com\/#organization\"},\"potentialAction\":[{\"@type\":\"SearchAction\",\"target\":{\"@type\":\"EntryPoint\",\"urlTemplate\":\"https:\/\/eurologos-madrid.com\/?s={search_term_string}\"},\"query-input\":{\"@type\":\"PropertyValueSpecification\",\"valueRequired\":true,\"valueName\":\"search_term_string\"}}],\"inLanguage\":\"en-US\"},{\"@type\":\"Organization\",\"@id\":\"https:\/\/eurologos-madrid.com\/#organization\",\"name\":\"Iseb Traduccion Industrial - Madrid\",\"url\":\"https:\/\/eurologos-madrid.com\/\",\"logo\":{\"@type\":\"ImageObject\",\"inLanguage\":\"en-US\",\"@id\":\"https:\/\/eurologos-madrid.com\/#\/schema\/logo\/image\/\",\"url\":\"https:\/\/eurologos-madrid.com\/wp-content\/uploads\/2024\/12\/cropped-Eurologos_Bruxelles_CMYK_ALL_2017_01_13-1-35.png\",\"contentUrl\":\"https:\/\/eurologos-madrid.com\/wp-content\/uploads\/2024\/12\/cropped-Eurologos_Bruxelles_CMYK_ALL_2017_01_13-1-35.png\",\"width\":1163,\"height\":369,\"caption\":\"Iseb Traduccion Industrial - Madrid\"},\"image\":{\"@id\":\"https:\/\/eurologos-madrid.com\/#\/schema\/logo\/image\/\"}}]}<\/script>\n<!-- \/ Yoast SEO plugin. -->","yoast_head_json":{"title":"Pol\u00edtica de privacidad - Iseb Traduccion Industrial - Madrid","robots":{"index":"index","follow":"follow","max-snippet":"max-snippet:-1","max-image-preview":"max-image-preview:large","max-video-preview":"max-video-preview:-1"},"canonical":"https:\/\/eurologos-madrid.com\/en\/politica-de-privacidad\/","og_locale":"en_US","og_type":"article","og_title":"Pol\u00edtica de privacidad - Iseb Traduccion Industrial - Madrid","og_description":"Pol\u00edtica de privacidad En Eurologos, nos comprometemos a proteger y respetar tu privacidad. Esta pol\u00edtica explica c\u00f3mo recopilamos, utilizamos y protegemos tus datos personales cuando visitas nuestro sitio web. 2. Informaci\u00f3n que Recopilamos\u2022 Recopilamos y procesamos los siguientes datos:\u2022 Datos personales: Nombre, direcci\u00f3n de correo electr\u00f3nico, tel\u00e9fono y otros datos de contacto.\u2022 Datos de navegaci\u00f3n: [&hellip;]","og_url":"https:\/\/eurologos-madrid.com\/en\/politica-de-privacidad\/","og_site_name":"Iseb Traduccion Industrial - Madrid","article_modified_time":"2024-12-06T06:00:11+00:00","twitter_card":"summary_large_image","twitter_misc":{"Est. reading time":"2 minutes"},"schema":{"@context":"https:\/\/schema.org","@graph":[{"@type":"WebPage","@id":"https:\/\/eurologos-madrid.com\/politica-de-privacidad\/","url":"https:\/\/eurologos-madrid.com\/politica-de-privacidad\/","name":"Pol\u00edtica de privacidad - Iseb Traduccion Industrial - Madrid","isPartOf":{"@id":"https:\/\/eurologos-madrid.com\/#website"},"datePublished":"2024-12-06T05:56:04+00:00","dateModified":"2024-12-06T06:00:11+00:00","breadcrumb":{"@id":"https:\/\/eurologos-madrid.com\/politica-de-privacidad\/#breadcrumb"},"inLanguage":"en-US","potentialAction":[{"@type":"ReadAction","target":["https:\/\/eurologos-madrid.com\/politica-de-privacidad\/"]}]},{"@type":"BreadcrumbList","@id":"https:\/\/eurologos-madrid.com\/politica-de-privacidad\/#breadcrumb","itemListElement":[{"@type":"ListItem","position":1,"name":"Portada","item":"https:\/\/eurologos-madrid.com\/"},{"@type":"ListItem","position":2,"name":"Pol\u00edtica de privacidad"}]},{"@type":"WebSite","@id":"https:\/\/eurologos-madrid.com\/#website","url":"https:\/\/eurologos-madrid.com\/","name":"Iseb Traduccion Industrial - Madrid","description":"We're a company with all the expertise you need for multilingual communication and the capacity to adapt to all your needs and processes.","publisher":{"@id":"https:\/\/eurologos-madrid.com\/#organization"},"potentialAction":[{"@type":"SearchAction","target":{"@type":"EntryPoint","urlTemplate":"https:\/\/eurologos-madrid.com\/?s={search_term_string}"},"query-input":{"@type":"PropertyValueSpecification","valueRequired":true,"valueName":"search_term_string"}}],"inLanguage":"en-US"},{"@type":"Organization","@id":"https:\/\/eurologos-madrid.com\/#organization","name":"Iseb Traduccion Industrial - Madrid","url":"https:\/\/eurologos-madrid.com\/","logo":{"@type":"ImageObject","inLanguage":"en-US","@id":"https:\/\/eurologos-madrid.com\/#\/schema\/logo\/image\/","url":"https:\/\/eurologos-madrid.com\/wp-content\/uploads\/2024\/12\/cropped-Eurologos_Bruxelles_CMYK_ALL_2017_01_13-1-35.png","contentUrl":"https:\/\/eurologos-madrid.com\/wp-content\/uploads\/2024\/12\/cropped-Eurologos_Bruxelles_CMYK_ALL_2017_01_13-1-35.png","width":1163,"height":369,"caption":"Iseb Traduccion Industrial - Madrid"},"image":{"@id":"https:\/\/eurologos-madrid.com\/#\/schema\/logo\/image\/"}}]}},"_links":{"self":[{"href":"https:\/\/eurologos-madrid.com\/en\/wp-json\/wp\/v2\/pages\/549","targetHints":{"allow":["GET"]}}],"collection":[{"href":"https:\/\/eurologos-madrid.com\/en\/wp-json\/wp\/v2\/pages"}],"about":[{"href":"https:\/\/eurologos-madrid.com\/en\/wp-json\/wp\/v2\/types\/page"}],"author":[{"embeddable":true,"href":"https:\/\/eurologos-madrid.com\/en\/wp-json\/wp\/v2\/users\/2"}],"replies":[{"embeddable":true,"href":"https:\/\/eurologos-madrid.com\/en\/wp-json\/wp\/v2\/comments?post=549"}],"version-history":[{"count":11,"href":"https:\/\/eurologos-madrid.com\/en\/wp-json\/wp\/v2\/pages\/549\/revisions"}],"predecessor-version":[{"id":562,"href":"https:\/\/eurologos-madrid.com\/en\/wp-json\/wp\/v2\/pages\/549\/revisions\/562"}],"wp:attachment":[{"href":"https:\/\/eurologos-madrid.com\/en\/wp-json\/wp\/v2\/media?parent=549"}],"curies":[{"name":"wp","href":"https:\/\/api.w.org\/{rel}","templated":true}]}}