{"id":560,"date":"2024-12-06T06:00:44","date_gmt":"2024-12-06T06:00:44","guid":{"rendered":"https:\/\/dev-01.growthsales.es\/?page_id=560"},"modified":"2024-12-06T06:04:37","modified_gmt":"2024-12-06T06:04:37","slug":"politica-de-cookies","status":"publish","type":"page","link":"https:\/\/eurologos-madrid.com\/en\/politica-de-cookies\/","title":{"rendered":"Cookies policy"},"content":{"rendered":"<div data-elementor-type=\"wp-page\" data-elementor-id=\"560\" class=\"elementor elementor-560\" data-elementor-post-type=\"page\">\n\t\t\t\t<div class=\"elementor-element elementor-element-e54d7a1 e-flex e-con-boxed e-con e-parent\" data-id=\"e54d7a1\" data-element_type=\"container\">\n\t\t\t\t\t<div class=\"e-con-inner\">\n\t\t<div class=\"elementor-element elementor-element-14bea29 e-con-full e-flex e-con e-child\" data-id=\"14bea29\" data-element_type=\"container\">\n\t\t\t\t<div class=\"elementor-element elementor-element-bc4b9e9 elementor-invisible elementor-widget elementor-widget-heading\" data-id=\"bc4b9e9\" data-element_type=\"widget\" data-settings=\"{&quot;_animation&quot;:&quot;fadeIn&quot;}\" data-widget_type=\"heading.default\">\n\t\t\t\t<div class=\"elementor-widget-container\">\n\t\t\t\t\t<h2 class=\"elementor-heading-title elementor-size-default\">Cookies policy\n<\/h2>\t\t\t\t<\/div>\n\t\t\t\t<\/div>\n\t\t\t\t<div class=\"elementor-element elementor-element-d2247ef elementor-widget-divider--view-line elementor-invisible elementor-widget elementor-widget-divider\" data-id=\"d2247ef\" data-element_type=\"widget\" data-settings=\"{&quot;_animation&quot;:&quot;fadeIn&quot;}\" data-widget_type=\"divider.default\">\n\t\t\t\t<div class=\"elementor-widget-container\">\n\t\t\t\t\t\t\t<div class=\"elementor-divider\">\n\t\t\t<span class=\"elementor-divider-separator\">\n\t\t\t\t\t\t<\/span>\n\t\t<\/div>\n\t\t\t\t\t\t<\/div>\n\t\t\t\t<\/div>\n\t\t\t\t<\/div>\n\t\t<div class=\"elementor-element elementor-element-a0dfab9 e-con-full e-flex e-con e-child\" data-id=\"a0dfab9\" data-element_type=\"container\">\n\t\t\t\t<div class=\"elementor-element elementor-element-5d483c5 elementor-widget elementor-widget-text-editor\" data-id=\"5d483c5\" data-element_type=\"widget\" data-widget_type=\"text-editor.default\">\n\t\t\t\t<div class=\"elementor-widget-container\">\n\t\t\t\t\t\t\t\t\t<p>En <strong><b>Eurologos<\/b><\/strong>, utilizamos cookies para mejorar tu experiencia en nuestro sitio web. Al continuar navegando por este sitio, aceptas el uso de cookies conforme a esta pol\u00edtica.<\/p><p><b><strong>2. \u00bfQu\u00e9 son las Cookies?<\/strong><\/b><br \/>Las cookies son peque\u00f1os archivos de texto que se almacenan en tu dispositivo cuando visitas nuestro sitio web. Estas cookies nos permiten recordar tus preferencias y mejorar tu navegaci\u00f3n.<\/p><p><b><strong>3. Tipos de Cookies que Utilizamos<\/strong><\/b><br \/>\u2022 Cookies Necesarias: Estas cookies son esenciales para el funcionamiento del sitio web y te permiten navegar y utilizar sus funciones b\u00e1sicas.<br \/>\u2022 Cookies de Rendimiento: Recogen informaci\u00f3n sobre c\u00f3mo utilizas nuestro sitio, como las p\u00e1ginas que visitas con m\u00e1s frecuencia. Esta informaci\u00f3n es an\u00f3nima y se utiliza para mejorar el rendimiento del sitio.<br \/>\u2022 Cookies Funcionales: Permiten al sitio recordar tus elecciones (como tu nombre de usuario, idioma o regi\u00f3n) y proporcionar caracter\u00edsticas mejoradas y personalizadas.<br \/>\u2022 Cookies de Publicidad: Se utilizan para mostrar anuncios que son relevantes para ti y tus intereses. Tambi\u00e9n se utilizan para limitar el n\u00famero de veces que ves un anuncio y medir la eficacia de las campa\u00f1as publicitarias.<\/p><p><b><strong>4. Gesti\u00f3n de Cookies<\/strong><\/b><br \/>Puedes controlar y gestionar el uso de cookies a trav\u00e9s de la configuraci\u00f3n de tu navegador. La mayor\u00eda de los navegadores te permiten aceptar o rechazar cookies, as\u00ed como eliminar las ya existentes. Para obtener m\u00e1s informaci\u00f3n sobre c\u00f3mo gestionar las cookies en tu navegador, visita la secci\u00f3n de ayuda de tu navegador.<\/p><p><b><strong>5. Cambios en la Pol\u00edtica de Cookies<\/strong><\/b><br \/>Podemos actualizar esta pol\u00edtica de cookies de vez en cuando para reflejar cambios en nuestras pr\u00e1cticas y servicios. Cualquier cambio en esta pol\u00edtica ser\u00e1 publicado en esta p\u00e1gina.<\/p><p><b><strong>6. Contacto<\/strong><\/b><br \/>Si tienes alguna pregunta sobre nuestra pol\u00edtica de cookies, puedes contactarnos en <strong><em>info@eurologos-madrid.com.<\/em><\/strong><\/p>\t\t\t\t\t\t\t\t<\/div>\n\t\t\t\t<\/div>\n\t\t\t\t<\/div>\n\t\t\t\t\t<\/div>\n\t\t\t\t<\/div>\n\t\t\t\t<\/div>","protected":false},"excerpt":{"rendered":"<p>Pol\u00edtica de cookies En Eurologos, utilizamos cookies para mejorar tu experiencia en nuestro sitio web. Al continuar navegando por este sitio, aceptas el uso de cookies conforme a esta pol\u00edtica. 2. \u00bfQu\u00e9 son las Cookies?Las cookies son peque\u00f1os archivos de texto que se almacenan en tu dispositivo cuando visitas nuestro sitio web. Estas cookies nos [&hellip;]<\/p>","protected":false},"author":2,"featured_media":0,"parent":0,"menu_order":0,"comment_status":"closed","ping_status":"closed","template":"","meta":{"footnotes":""},"class_list":["post-560","page","type-page","status-publish","hentry"],"yoast_head":"<!-- This site is optimized with the Yoast SEO plugin v25.9 - https:\/\/yoast.com\/wordpress\/plugins\/seo\/ -->\n<title>Pol\u00edtica de cookies - Iseb Traduccion Industrial - Madrid<\/title>\n<meta name=\"robots\" content=\"index, follow, max-snippet:-1, max-image-preview:large, max-video-preview:-1\" \/>\n<link rel=\"canonical\" href=\"https:\/\/eurologos-madrid.com\/en\/politica-de-cookies\/\" \/>\n<meta property=\"og:locale\" content=\"en_US\" \/>\n<meta property=\"og:type\" content=\"article\" \/>\n<meta property=\"og:title\" content=\"Pol\u00edtica de cookies - Iseb Traduccion Industrial - Madrid\" \/>\n<meta property=\"og:description\" content=\"Pol\u00edtica de cookies En Eurologos, utilizamos cookies para mejorar tu experiencia en nuestro sitio web. Al continuar navegando por este sitio, aceptas el uso de cookies conforme a esta pol\u00edtica. 2. \u00bfQu\u00e9 son las Cookies?Las cookies son peque\u00f1os archivos de texto que se almacenan en tu dispositivo cuando visitas nuestro sitio web. Estas cookies nos [&hellip;]\" \/>\n<meta property=\"og:url\" content=\"https:\/\/eurologos-madrid.com\/en\/politica-de-cookies\/\" \/>\n<meta property=\"og:site_name\" content=\"Iseb Traduccion Industrial - Madrid\" \/>\n<meta property=\"article:modified_time\" content=\"2024-12-06T06:04:37+00:00\" \/>\n<meta name=\"twitter:card\" content=\"summary_large_image\" \/>\n<meta name=\"twitter:label1\" content=\"Est. reading time\" \/>\n\t<meta name=\"twitter:data1\" content=\"2 minutes\" \/>\n<script type=\"application\/ld+json\" class=\"yoast-schema-graph\">{\"@context\":\"https:\/\/schema.org\",\"@graph\":[{\"@type\":\"WebPage\",\"@id\":\"https:\/\/eurologos-madrid.com\/politica-de-cookies\/\",\"url\":\"https:\/\/eurologos-madrid.com\/politica-de-cookies\/\",\"name\":\"Pol\u00edtica de cookies - Iseb Traduccion Industrial - Madrid\",\"isPartOf\":{\"@id\":\"https:\/\/eurologos-madrid.com\/#website\"},\"datePublished\":\"2024-12-06T06:00:44+00:00\",\"dateModified\":\"2024-12-06T06:04:37+00:00\",\"breadcrumb\":{\"@id\":\"https:\/\/eurologos-madrid.com\/politica-de-cookies\/#breadcrumb\"},\"inLanguage\":\"en-US\",\"potentialAction\":[{\"@type\":\"ReadAction\",\"target\":[\"https:\/\/eurologos-madrid.com\/politica-de-cookies\/\"]}]},{\"@type\":\"BreadcrumbList\",\"@id\":\"https:\/\/eurologos-madrid.com\/politica-de-cookies\/#breadcrumb\",\"itemListElement\":[{\"@type\":\"ListItem\",\"position\":1,\"name\":\"Portada\",\"item\":\"https:\/\/eurologos-madrid.com\/\"},{\"@type\":\"ListItem\",\"position\":2,\"name\":\"Pol\u00edtica de cookies\"}]},{\"@type\":\"WebSite\",\"@id\":\"https:\/\/eurologos-madrid.com\/#website\",\"url\":\"https:\/\/eurologos-madrid.com\/\",\"name\":\"Iseb Traduccion Industrial - Madrid\",\"description\":\"Somos una empresa experta en comunicaci\u00f3n multiling\u00fce capaz de adaptarse a tus necesidades y procesos.\",\"publisher\":{\"@id\":\"https:\/\/eurologos-madrid.com\/#organization\"},\"potentialAction\":[{\"@type\":\"SearchAction\",\"target\":{\"@type\":\"EntryPoint\",\"urlTemplate\":\"https:\/\/eurologos-madrid.com\/?s={search_term_string}\"},\"query-input\":{\"@type\":\"PropertyValueSpecification\",\"valueRequired\":true,\"valueName\":\"search_term_string\"}}],\"inLanguage\":\"en-US\"},{\"@type\":\"Organization\",\"@id\":\"https:\/\/eurologos-madrid.com\/#organization\",\"name\":\"Iseb Traduccion Industrial - Madrid\",\"url\":\"https:\/\/eurologos-madrid.com\/\",\"logo\":{\"@type\":\"ImageObject\",\"inLanguage\":\"en-US\",\"@id\":\"https:\/\/eurologos-madrid.com\/#\/schema\/logo\/image\/\",\"url\":\"https:\/\/eurologos-madrid.com\/wp-content\/uploads\/2024\/12\/cropped-Eurologos_Bruxelles_CMYK_ALL_2017_01_13-1-35.png\",\"contentUrl\":\"https:\/\/eurologos-madrid.com\/wp-content\/uploads\/2024\/12\/cropped-Eurologos_Bruxelles_CMYK_ALL_2017_01_13-1-35.png\",\"width\":1163,\"height\":369,\"caption\":\"Iseb Traduccion Industrial - Madrid\"},\"image\":{\"@id\":\"https:\/\/eurologos-madrid.com\/#\/schema\/logo\/image\/\"}}]}<\/script>\n<!-- \/ Yoast SEO plugin. -->","yoast_head_json":{"title":"Pol\u00edtica de cookies - Iseb Traduccion Industrial - Madrid","robots":{"index":"index","follow":"follow","max-snippet":"max-snippet:-1","max-image-preview":"max-image-preview:large","max-video-preview":"max-video-preview:-1"},"canonical":"https:\/\/eurologos-madrid.com\/en\/politica-de-cookies\/","og_locale":"en_US","og_type":"article","og_title":"Pol\u00edtica de cookies - Iseb Traduccion Industrial - Madrid","og_description":"Pol\u00edtica de cookies En Eurologos, utilizamos cookies para mejorar tu experiencia en nuestro sitio web. Al continuar navegando por este sitio, aceptas el uso de cookies conforme a esta pol\u00edtica. 2. \u00bfQu\u00e9 son las Cookies?Las cookies son peque\u00f1os archivos de texto que se almacenan en tu dispositivo cuando visitas nuestro sitio web. Estas cookies nos [&hellip;]","og_url":"https:\/\/eurologos-madrid.com\/en\/politica-de-cookies\/","og_site_name":"Iseb Traduccion Industrial - Madrid","article_modified_time":"2024-12-06T06:04:37+00:00","twitter_card":"summary_large_image","twitter_misc":{"Est. reading time":"2 minutes"},"schema":{"@context":"https:\/\/schema.org","@graph":[{"@type":"WebPage","@id":"https:\/\/eurologos-madrid.com\/politica-de-cookies\/","url":"https:\/\/eurologos-madrid.com\/politica-de-cookies\/","name":"Pol\u00edtica de cookies - Iseb Traduccion Industrial - Madrid","isPartOf":{"@id":"https:\/\/eurologos-madrid.com\/#website"},"datePublished":"2024-12-06T06:00:44+00:00","dateModified":"2024-12-06T06:04:37+00:00","breadcrumb":{"@id":"https:\/\/eurologos-madrid.com\/politica-de-cookies\/#breadcrumb"},"inLanguage":"en-US","potentialAction":[{"@type":"ReadAction","target":["https:\/\/eurologos-madrid.com\/politica-de-cookies\/"]}]},{"@type":"BreadcrumbList","@id":"https:\/\/eurologos-madrid.com\/politica-de-cookies\/#breadcrumb","itemListElement":[{"@type":"ListItem","position":1,"name":"Portada","item":"https:\/\/eurologos-madrid.com\/"},{"@type":"ListItem","position":2,"name":"Pol\u00edtica de cookies"}]},{"@type":"WebSite","@id":"https:\/\/eurologos-madrid.com\/#website","url":"https:\/\/eurologos-madrid.com\/","name":"Iseb Traduccion Industrial - Madrid","description":"We're a company with all the expertise you need for multilingual communication and the capacity to adapt to all your needs and processes.","publisher":{"@id":"https:\/\/eurologos-madrid.com\/#organization"},"potentialAction":[{"@type":"SearchAction","target":{"@type":"EntryPoint","urlTemplate":"https:\/\/eurologos-madrid.com\/?s={search_term_string}"},"query-input":{"@type":"PropertyValueSpecification","valueRequired":true,"valueName":"search_term_string"}}],"inLanguage":"en-US"},{"@type":"Organization","@id":"https:\/\/eurologos-madrid.com\/#organization","name":"Iseb Traduccion Industrial - Madrid","url":"https:\/\/eurologos-madrid.com\/","logo":{"@type":"ImageObject","inLanguage":"en-US","@id":"https:\/\/eurologos-madrid.com\/#\/schema\/logo\/image\/","url":"https:\/\/eurologos-madrid.com\/wp-content\/uploads\/2024\/12\/cropped-Eurologos_Bruxelles_CMYK_ALL_2017_01_13-1-35.png","contentUrl":"https:\/\/eurologos-madrid.com\/wp-content\/uploads\/2024\/12\/cropped-Eurologos_Bruxelles_CMYK_ALL_2017_01_13-1-35.png","width":1163,"height":369,"caption":"Iseb Traduccion Industrial - Madrid"},"image":{"@id":"https:\/\/eurologos-madrid.com\/#\/schema\/logo\/image\/"}}]}},"_links":{"self":[{"href":"https:\/\/eurologos-madrid.com\/en\/wp-json\/wp\/v2\/pages\/560","targetHints":{"allow":["GET"]}}],"collection":[{"href":"https:\/\/eurologos-madrid.com\/en\/wp-json\/wp\/v2\/pages"}],"about":[{"href":"https:\/\/eurologos-madrid.com\/en\/wp-json\/wp\/v2\/types\/page"}],"author":[{"embeddable":true,"href":"https:\/\/eurologos-madrid.com\/en\/wp-json\/wp\/v2\/users\/2"}],"replies":[{"embeddable":true,"href":"https:\/\/eurologos-madrid.com\/en\/wp-json\/wp\/v2\/comments?post=560"}],"version-history":[{"count":13,"href":"https:\/\/eurologos-madrid.com\/en\/wp-json\/wp\/v2\/pages\/560\/revisions"}],"predecessor-version":[{"id":574,"href":"https:\/\/eurologos-madrid.com\/en\/wp-json\/wp\/v2\/pages\/560\/revisions\/574"}],"wp:attachment":[{"href":"https:\/\/eurologos-madrid.com\/en\/wp-json\/wp\/v2\/media?parent=560"}],"curies":[{"name":"wp","href":"https:\/\/api.w.org\/{rel}","templated":true}]}}